{"id":2472,"date":"2024-06-11T13:09:22","date_gmt":"2024-06-11T12:09:22","guid":{"rendered":"https:\/\/gite-fontainebleau.fr\/?page_id=2472"},"modified":"2024-10-01T12:47:09","modified_gmt":"2024-10-01T11:47:09","slug":"mentions-legales","status":"publish","type":"page","link":"https:\/\/gite-fontainebleau.fr\/en\/mentions-legales\/","title":{"rendered":"Mentions L\u00e9gales"},"content":{"rendered":"\t\t<div data-elementor-type=\"wp-page\" data-elementor-id=\"2472\" class=\"elementor elementor-2472\" data-elementor-post-type=\"page\">\n\t\t\t\t\t\t<section class=\"elementor-section elementor-top-section elementor-element elementor-element-d05257a elementor-section-boxed elementor-section-height-default elementor-section-height-default\" data-id=\"d05257a\" data-element_type=\"section\" data-e-type=\"section\">\n\t\t\t\t\t\t<div class=\"elementor-container elementor-column-gap-default\">\n\t\t\t\t\t<div class=\"elementor-column elementor-col-100 elementor-top-column elementor-element elementor-element-60464d7\" data-id=\"60464d7\" data-element_type=\"column\" data-e-type=\"column\">\n\t\t\t<div class=\"elementor-widget-wrap elementor-element-populated\">\n\t\t\t\t\t\t<div class=\"elementor-element elementor-element-a5aa74a elementor-widget elementor-widget-spacer\" data-id=\"a5aa74a\" data-element_type=\"widget\" data-e-type=\"widget\" data-widget_type=\"spacer.default\">\n\t\t\t\t<div class=\"elementor-widget-container\">\n\t\t\t\t\t\t\t<div class=\"elementor-spacer\">\n\t\t\t<div class=\"elementor-spacer-inner\"><\/div>\n\t\t<\/div>\n\t\t\t\t\t\t<\/div>\n\t\t\t\t<\/div>\n\t\t\t\t\t<\/div>\n\t\t<\/div>\n\t\t\t\t\t<\/div>\n\t\t<\/section>\n\t\t\t\t<section class=\"elementor-section elementor-top-section elementor-element elementor-element-5a41018 elementor-section-boxed elementor-section-height-default elementor-section-height-default\" data-id=\"5a41018\" data-element_type=\"section\" data-e-type=\"section\">\n\t\t\t\t\t\t<div class=\"elementor-container elementor-column-gap-default\">\n\t\t\t\t\t<div class=\"elementor-column elementor-col-100 elementor-top-column elementor-element elementor-element-adce99d\" data-id=\"adce99d\" data-element_type=\"column\" data-e-type=\"column\">\n\t\t\t<div class=\"elementor-widget-wrap elementor-element-populated\">\n\t\t\t\t\t\t<div class=\"elementor-element elementor-element-a812a33 elementor-widget-divider--view-line elementor-widget elementor-widget-divider\" data-id=\"a812a33\" data-element_type=\"widget\" data-e-type=\"widget\" data-widget_type=\"divider.default\">\n\t\t\t\t<div class=\"elementor-widget-container\">\n\t\t\t\t\t\t\t<div class=\"elementor-divider\">\n\t\t\t<span class=\"elementor-divider-separator\">\n\t\t\t\t\t\t<\/span>\n\t\t<\/div>\n\t\t\t\t\t\t<\/div>\n\t\t\t\t<\/div>\n\t\t\t\t\t<\/div>\n\t\t<\/div>\n\t\t\t\t\t<\/div>\n\t\t<\/section>\n\t\t\t\t<section class=\"elementor-section elementor-top-section elementor-element elementor-element-85e1794 elementor-section-boxed elementor-section-height-default elementor-section-height-default\" data-id=\"85e1794\" data-element_type=\"section\" data-e-type=\"section\">\n\t\t\t\t\t\t<div class=\"elementor-container elementor-column-gap-default\">\n\t\t\t\t\t<div class=\"elementor-column elementor-col-100 elementor-top-column elementor-element elementor-element-2c5f181\" data-id=\"2c5f181\" data-element_type=\"column\" data-e-type=\"column\">\n\t\t\t<div class=\"elementor-widget-wrap elementor-element-populated\">\n\t\t\t\t\t\t<div class=\"elementor-element elementor-element-e14e101 elementor-widget elementor-widget-heading\" data-id=\"e14e101\" data-element_type=\"widget\" data-e-type=\"widget\" data-widget_type=\"heading.default\">\n\t\t\t\t<div class=\"elementor-widget-container\">\n\t\t\t\t\t<h2 class=\"elementor-heading-title elementor-size-default\">Mentions L\u00e9gales<\/h2>\t\t\t\t<\/div>\n\t\t\t\t<\/div>\n\t\t\t\t\t<\/div>\n\t\t<\/div>\n\t\t\t\t\t<\/div>\n\t\t<\/section>\n\t\t\t\t<section class=\"elementor-section elementor-top-section elementor-element elementor-element-a0eb396 elementor-section-boxed elementor-section-height-default elementor-section-height-default\" data-id=\"a0eb396\" data-element_type=\"section\" data-e-type=\"section\">\n\t\t\t\t\t\t<div class=\"elementor-container elementor-column-gap-default\">\n\t\t\t\t\t<div class=\"elementor-column elementor-col-100 elementor-top-column elementor-element elementor-element-d525754\" data-id=\"d525754\" data-element_type=\"column\" data-e-type=\"column\">\n\t\t\t<div class=\"elementor-widget-wrap elementor-element-populated\">\n\t\t\t\t\t\t<div class=\"elementor-element elementor-element-5b1cb59 elementor-widget-divider--view-line elementor-widget elementor-widget-divider\" data-id=\"5b1cb59\" data-element_type=\"widget\" data-e-type=\"widget\" data-widget_type=\"divider.default\">\n\t\t\t\t<div class=\"elementor-widget-container\">\n\t\t\t\t\t\t\t<div class=\"elementor-divider\">\n\t\t\t<span class=\"elementor-divider-separator\">\n\t\t\t\t\t\t<\/span>\n\t\t<\/div>\n\t\t\t\t\t\t<\/div>\n\t\t\t\t<\/div>\n\t\t\t\t\t<\/div>\n\t\t<\/div>\n\t\t\t\t\t<\/div>\n\t\t<\/section>\n\t\t\t\t<section class=\"elementor-section elementor-top-section elementor-element elementor-element-6175a96 elementor-section-boxed elementor-section-height-default elementor-section-height-default\" data-id=\"6175a96\" data-element_type=\"section\" data-e-type=\"section\">\n\t\t\t\t\t\t<div class=\"elementor-container elementor-column-gap-default\">\n\t\t\t\t\t<div class=\"elementor-column elementor-col-100 elementor-top-column elementor-element elementor-element-4e0c10e\" data-id=\"4e0c10e\" data-element_type=\"column\" data-e-type=\"column\">\n\t\t\t<div class=\"elementor-widget-wrap elementor-element-populated\">\n\t\t\t\t\t\t<div class=\"elementor-element elementor-element-30565e9 elementor-widget elementor-widget-text-editor\" data-id=\"30565e9\" data-element_type=\"widget\" data-e-type=\"widget\" data-widget_type=\"text-editor.default\">\n\t\t\t\t<div class=\"elementor-widget-container\">\n\t\t\t\t\t\t\t\t\t<p><strong style=\"font-size: inherit; letter-spacing: 0px; word-spacing: 0.1em;\">1. Informations G\u00e9n\u00e9rales<\/strong><\/p>\n<p>Nom de l&rsquo;entreprise : GILLES<\/p>\n<p>Forme juridique : <span>Entrepreneur individuel<\/span><\/p>\n<p><span style=\"font-size: inherit; letter-spacing: 0px; word-spacing: 0.1em;\">Si\u00e8ge social : 116 Q RUE DU PORT DE LA CELLE 77670 ST MAMMES<\/span><\/p>\n<p><span>Num\u00e9ro SIRET<\/span> : 35024042000025<\/p>\n<p>Num\u00e9ro de TVA intracommunautaire : FR06350240420<\/p>\n<p>Directeur de la publication : Philippe Gilles&nbsp;<\/p>\n<p>Contact : gillesnet5@yahoo.fr et\/ou 06-08-62-50-71\/&nbsp;<\/p>\n<p>Cr\u00e9dit : r\u00e9daction web SEO&nbsp;<a href=\"https:\/\/www.boussoledigitale.fr\/\" target=\"_blank\" style=\"background-color: rgb(255, 255, 255); letter-spacing: 0px; word-spacing: 0.1em;\">Ang\u00e9lique BRENOT<\/a>.<\/p>\n<p><br><\/p>\n<p><strong>2. H\u00e9bergement du site<\/strong><\/p>\n<p>Nom de l&rsquo;h\u00e9bergeur : [Nom de l&rsquo;h\u00e9bergeur] Adresse de l&rsquo;h\u00e9bergeur : [Adresse compl\u00e8te de l&rsquo;h\u00e9bergeur] Contact de l&rsquo;h\u00e9bergeur : [E-mail et\/ou num\u00e9ro de t\u00e9l\u00e9phone de l&rsquo;h\u00e9bergeur]<\/p>\n<p><strong>3. Propri\u00e9t\u00e9 Intellectuelle<\/strong><\/p>\n<p>Le contenu du site gite-fontainebleau.fr (textes, images, graphismes, logo, ic\u00f4nes, sons, logiciels, etc.) est la propri\u00e9t\u00e9 de Gilles ou de ses partenaires et est prot\u00e9g\u00e9 par les lois fran\u00e7aises et internationales relatives \u00e0 la propri\u00e9t\u00e9 intellectuelle. Toute reproduction, repr\u00e9sentation, modification, publication, adaptation de tout ou partie des \u00e9l\u00e9ments du site, quel que soit le moyen ou le proc\u00e9d\u00e9 utilis\u00e9, est interdite, sauf autorisation \u00e9crite pr\u00e9alable de Philippe Gilles.<\/p>\n<p><strong>4. Protection des Donn\u00e9es Personnelles<\/strong><\/p>\n<p>Conform\u00e9ment \u00e0 la loi Informatique et Libert\u00e9s du 6 janvier 1978 modifi\u00e9e et au R\u00e8glement G\u00e9n\u00e9ral sur la Protection des Donn\u00e9es (RGPD), vous disposez d&rsquo;un droit d&rsquo;acc\u00e8s, de rectification, de suppression et de portabilit\u00e9 de vos donn\u00e9es personnelles ainsi qu&rsquo;un droit d&rsquo;opposition et de limitation du traitement de ces donn\u00e9es. Vous pouvez exercer ces droits en nous contactant \u00e0 l&rsquo;adresse suivante :&nbsp;<span style=\"letter-spacing: 0px; word-spacing: 0.1em;\">philippe.77670@gmail.com<\/span><\/p>\n<p>Pour plus d&rsquo;informations, veuillez consulter notre <a href=\"https:\/\/gite-fontainebleau.fr\/politique-de-confidentialite\/\">Politique de Confidentialit\u00e9<\/a>.<\/p>\n<p><strong>5. Cookies<\/strong><\/p>\n<p>Le site gite-fontainebleau.fr utilise des cookies pour am\u00e9liorer votre exp\u00e9rience de navigation et mesurer l&rsquo;audience du site. En naviguant sur ce site, vous acceptez l&rsquo;utilisation de cookies. Vous pouvez d\u00e9sactiver les cookies en modifiant les param\u00e8tres de votre navigateur. Pour plus d&rsquo;informations, veuillez consulter <a href=\"https:\/\/gite-fontainebleau.fr\/politique-de-cookies-ue\/\">notre Politique de Cookies<\/a>.<\/p>\n<p><strong>6. Limitation de Responsabilit\u00e9<\/strong><\/p>\n<p>Philippe Gilles s&rsquo;efforce d&rsquo;assurer l&rsquo;exactitude et la mise \u00e0 jour des informations diffus\u00e9es sur ce site, et se r\u00e9serve le droit de corriger, \u00e0 tout moment et sans pr\u00e9avis, le contenu. Toutefois, Philippe Gilles ne peut garantir l&rsquo;exactitude, la pr\u00e9cision ou l&rsquo;exhaustivit\u00e9 des informations mises \u00e0 disposition sur ce site.<\/p>\n<p>En cons\u00e9quence, Philippe Gilles&nbsp;d\u00e9cline toute responsabilit\u00e9 pour toute impr\u00e9cision, inexactitude ou omission portant sur des informations disponibles sur le site ; ainsi que pour tout dommage r\u00e9sultant d&rsquo;une intrusion frauduleuse d&rsquo;un tiers ayant entra\u00een\u00e9 une modification des informations mises \u00e0 disposition sur le site.<\/p>\n<p><strong>7. Droit Applicable<\/strong><\/p>\n<p>Les pr\u00e9sentes mentions l\u00e9gales sont r\u00e9gies par le droit fran\u00e7ais. En cas de litige, et apr\u00e8s tentative de recherche d&rsquo;une solution amiable, comp\u00e9tence est attribu\u00e9e aux tribunaux comp\u00e9tents de Melun, nonobstant pluralit\u00e9 de d\u00e9fendeurs ou appel en garantie.<\/p>\n<hr>\n<p><strong>Contactez-nous<\/strong><\/p>\n<p>Pour toute question relative aux pr\u00e9sentes mentions l\u00e9gales, vous pouvez nous contacter \u00e0 l&rsquo;adresse suivante :<\/p>\n<p><span style=\"letter-spacing: 0px; word-spacing: 0.1em;\">116 Q RUE DU PORT DE LA CELLE 77670 ST MAMMES\/&nbsp;<\/span>gillesnet5@yahoo.fr\/&nbsp;<\/p>\t\t\t\t\t\t\t\t<\/div>\n\t\t\t\t<\/div>\n\t\t\t\t\t<\/div>\n\t\t<\/div>\n\t\t\t\t\t<\/div>\n\t\t<\/section>\n\t\t\t\t<\/div>\n\t\t","protected":false},"excerpt":{"rendered":"<p>Mentions L\u00e9gales 1. Informations G\u00e9n\u00e9rales Nom de l&rsquo;entreprise : GILLES Forme juridique : Entrepreneur individuel Si\u00e8ge social : 116 Q RUE DU PORT DE LA CELLE 77670 ST MAMMES Num\u00e9ro SIRET : 35024042000025 Num\u00e9ro de TVA intracommunautaire : FR06350240420 Directeur de la publication : Philippe Gilles&nbsp; Contact : gillesnet5@yahoo.fr et\/ou [&hellip;]<\/p>\n","protected":false},"author":1,"featured_media":0,"parent":0,"menu_order":0,"comment_status":"closed","ping_status":"closed","template":"page-templates\/template-pagebuilder-full-width.php","meta":{"footnotes":""},"class_list":["post-2472","page","type-page","status-publish","hentry"],"yoast_head":"<!-- This site is optimized with the Yoast SEO plugin v27.5 - https:\/\/yoast.com\/product\/yoast-seo-wordpress\/ -->\n<title>Mentions L\u00e9gales - g\u00eete de groupe Fontainebleau Forestier de l&#039;Abeilleur<\/title>\n<meta name=\"robots\" content=\"noindex, nofollow\" \/>\n<meta property=\"og:locale\" content=\"en_GB\" \/>\n<meta property=\"og:type\" content=\"article\" \/>\n<meta property=\"og:title\" content=\"Mentions L\u00e9gales - g\u00eete de groupe Fontainebleau Forestier de l&#039;Abeilleur\" \/>\n<meta property=\"og:description\" content=\"Mentions L\u00e9gales 1. Informations G\u00e9n\u00e9rales Nom de l&rsquo;entreprise : GILLES Forme juridique : Entrepreneur individuel Si\u00e8ge social : 116 Q RUE DU PORT DE LA CELLE 77670 ST MAMMES Num\u00e9ro SIRET : 35024042000025 Num\u00e9ro de TVA intracommunautaire : FR06350240420 Directeur de la publication : Philippe Gilles&nbsp; Contact : gillesnet5@yahoo.fr et\/ou [&hellip;]\" \/>\n<meta property=\"og:url\" content=\"https:\/\/gite-fontainebleau.fr\/en\/mentions-legales\/\" \/>\n<meta property=\"og:site_name\" content=\"g\u00eete de groupe Fontainebleau Forestier de l&#039;Abeilleur\" \/>\n<meta property=\"article:modified_time\" content=\"2024-10-01T11:47:09+00:00\" \/>\n<meta property=\"og:image\" content=\"https:\/\/gite-fontainebleau.fr\/wp-content\/uploads\/2023\/05\/Gite-Fontainebleau-Piscine-Bouddha.jpg\" \/>\n\t<meta property=\"og:image:width\" content=\"1920\" \/>\n\t<meta property=\"og:image:height\" content=\"1281\" \/>\n\t<meta property=\"og:image:type\" content=\"image\/jpeg\" \/>\n<meta name=\"twitter:label1\" content=\"Estimated reading time\" \/>\n\t<meta name=\"twitter:data1\" content=\"3 minutes\" \/>\n<script type=\"application\/ld+json\" class=\"yoast-schema-graph\">{\"@context\":\"https:\\\/\\\/schema.org\",\"@graph\":[{\"@type\":\"WebPage\",\"@id\":\"https:\\\/\\\/gite-fontainebleau.fr\\\/mentions-legales\\\/\",\"url\":\"https:\\\/\\\/gite-fontainebleau.fr\\\/mentions-legales\\\/\",\"name\":\"Mentions L\u00e9gales - g\u00eete de groupe Fontainebleau Forestier de l&#039;Abeilleur\",\"isPartOf\":{\"@id\":\"https:\\\/\\\/gite-fontainebleau.fr\\\/#website\"},\"datePublished\":\"2024-06-11T12:09:22+00:00\",\"dateModified\":\"2024-10-01T11:47:09+00:00\",\"inLanguage\":\"en-GB\",\"potentialAction\":[{\"@type\":\"ReadAction\",\"target\":[\"https:\\\/\\\/gite-fontainebleau.fr\\\/mentions-legales\\\/\"]}]},{\"@type\":\"WebSite\",\"@id\":\"https:\\\/\\\/gite-fontainebleau.fr\\\/#website\",\"url\":\"https:\\\/\\\/gite-fontainebleau.fr\\\/\",\"name\":\"G\u00eete Fontainebleau forestier de l'abeilleur\",\"description\":\"\",\"publisher\":{\"@id\":\"https:\\\/\\\/gite-fontainebleau.fr\\\/#organization\"},\"potentialAction\":[{\"@type\":\"SearchAction\",\"target\":{\"@type\":\"EntryPoint\",\"urlTemplate\":\"https:\\\/\\\/gite-fontainebleau.fr\\\/?s={search_term_string}\"},\"query-input\":{\"@type\":\"PropertyValueSpecification\",\"valueRequired\":true,\"valueName\":\"search_term_string\"}}],\"inLanguage\":\"en-GB\"},{\"@type\":\"Organization\",\"@id\":\"https:\\\/\\\/gite-fontainebleau.fr\\\/#organization\",\"name\":\"G\u00eete Fontainebleau forestier de l'abeilleur\",\"url\":\"https:\\\/\\\/gite-fontainebleau.fr\\\/\",\"logo\":{\"@type\":\"ImageObject\",\"inLanguage\":\"en-GB\",\"@id\":\"https:\\\/\\\/gite-fontainebleau.fr\\\/#\\\/schema\\\/logo\\\/image\\\/\",\"url\":\"https:\\\/\\\/gite-fontainebleau.fr\\\/wp-content\\\/uploads\\\/2020\\\/04\\\/Abeilleur-logo.png\",\"contentUrl\":\"https:\\\/\\\/gite-fontainebleau.fr\\\/wp-content\\\/uploads\\\/2020\\\/04\\\/Abeilleur-logo.png\",\"width\":600,\"height\":569,\"caption\":\"G\u00eete Fontainebleau forestier de l'abeilleur\"},\"image\":{\"@id\":\"https:\\\/\\\/gite-fontainebleau.fr\\\/#\\\/schema\\\/logo\\\/image\\\/\"}}]}<\/script>\n<!-- \/ Yoast SEO plugin. -->","yoast_head_json":{"title":"Mentions L\u00e9gales - g\u00eete de groupe Fontainebleau Forestier de l&#039;Abeilleur","robots":{"index":"noindex","follow":"nofollow"},"og_locale":"en_GB","og_type":"article","og_title":"Mentions L\u00e9gales - g\u00eete de groupe Fontainebleau Forestier de l&#039;Abeilleur","og_description":"Mentions L\u00e9gales 1. Informations G\u00e9n\u00e9rales Nom de l&rsquo;entreprise : GILLES Forme juridique : Entrepreneur individuel Si\u00e8ge social : 116 Q RUE DU PORT DE LA CELLE 77670 ST MAMMES Num\u00e9ro SIRET : 35024042000025 Num\u00e9ro de TVA intracommunautaire : FR06350240420 Directeur de la publication : Philippe Gilles&nbsp; Contact : gillesnet5@yahoo.fr et\/ou [&hellip;]","og_url":"https:\/\/gite-fontainebleau.fr\/en\/mentions-legales\/","og_site_name":"g\u00eete de groupe Fontainebleau Forestier de l&#039;Abeilleur","article_modified_time":"2024-10-01T11:47:09+00:00","og_image":[{"width":1920,"height":1281,"url":"https:\/\/gite-fontainebleau.fr\/wp-content\/uploads\/2023\/05\/Gite-Fontainebleau-Piscine-Bouddha.jpg","type":"image\/jpeg"}],"twitter_misc":{"Estimated reading time":"3 minutes"},"schema":{"@context":"https:\/\/schema.org","@graph":[{"@type":"WebPage","@id":"https:\/\/gite-fontainebleau.fr\/mentions-legales\/","url":"https:\/\/gite-fontainebleau.fr\/mentions-legales\/","name":"Mentions L\u00e9gales - g\u00eete de groupe Fontainebleau Forestier de l&#039;Abeilleur","isPartOf":{"@id":"https:\/\/gite-fontainebleau.fr\/#website"},"datePublished":"2024-06-11T12:09:22+00:00","dateModified":"2024-10-01T11:47:09+00:00","inLanguage":"en-GB","potentialAction":[{"@type":"ReadAction","target":["https:\/\/gite-fontainebleau.fr\/mentions-legales\/"]}]},{"@type":"WebSite","@id":"https:\/\/gite-fontainebleau.fr\/#website","url":"https:\/\/gite-fontainebleau.fr\/","name":"G\u00eete Fontainebleau forestier de l'abeilleur","description":"","publisher":{"@id":"https:\/\/gite-fontainebleau.fr\/#organization"},"potentialAction":[{"@type":"SearchAction","target":{"@type":"EntryPoint","urlTemplate":"https:\/\/gite-fontainebleau.fr\/?s={search_term_string}"},"query-input":{"@type":"PropertyValueSpecification","valueRequired":true,"valueName":"search_term_string"}}],"inLanguage":"en-GB"},{"@type":"Organization","@id":"https:\/\/gite-fontainebleau.fr\/#organization","name":"G\u00eete Fontainebleau forestier de l'abeilleur","url":"https:\/\/gite-fontainebleau.fr\/","logo":{"@type":"ImageObject","inLanguage":"en-GB","@id":"https:\/\/gite-fontainebleau.fr\/#\/schema\/logo\/image\/","url":"https:\/\/gite-fontainebleau.fr\/wp-content\/uploads\/2020\/04\/Abeilleur-logo.png","contentUrl":"https:\/\/gite-fontainebleau.fr\/wp-content\/uploads\/2020\/04\/Abeilleur-logo.png","width":600,"height":569,"caption":"G\u00eete Fontainebleau forestier de l'abeilleur"},"image":{"@id":"https:\/\/gite-fontainebleau.fr\/#\/schema\/logo\/image\/"}}]}},"rttpg_featured_image_url":null,"rttpg_author":{"display_name":"admin","author_link":"https:\/\/gite-fontainebleau.fr\/en\/author\/admin\/"},"rttpg_comment":0,"rttpg_category":null,"rttpg_excerpt":"Mentions L\u00e9gales 1. Informations G\u00e9n\u00e9rales Nom de l&rsquo;entreprise : GILLES Forme juridique : Entrepreneur individuel Si\u00e8ge social : 116 Q RUE DU PORT DE LA CELLE 77670 ST MAMMES Num\u00e9ro SIRET : 35024042000025 Num\u00e9ro de TVA intracommunautaire : FR06350240420 Directeur de la publication : Philippe Gilles&nbsp; Contact : gillesnet5@yahoo.fr et\/ou [&hellip;]","_links":{"self":[{"href":"https:\/\/gite-fontainebleau.fr\/en\/wp-json\/wp\/v2\/pages\/2472","targetHints":{"allow":["GET"]}}],"collection":[{"href":"https:\/\/gite-fontainebleau.fr\/en\/wp-json\/wp\/v2\/pages"}],"about":[{"href":"https:\/\/gite-fontainebleau.fr\/en\/wp-json\/wp\/v2\/types\/page"}],"author":[{"embeddable":true,"href":"https:\/\/gite-fontainebleau.fr\/en\/wp-json\/wp\/v2\/users\/1"}],"replies":[{"embeddable":true,"href":"https:\/\/gite-fontainebleau.fr\/en\/wp-json\/wp\/v2\/comments?post=2472"}],"version-history":[{"count":0,"href":"https:\/\/gite-fontainebleau.fr\/en\/wp-json\/wp\/v2\/pages\/2472\/revisions"}],"wp:attachment":[{"href":"https:\/\/gite-fontainebleau.fr\/en\/wp-json\/wp\/v2\/media?parent=2472"}],"curies":[{"name":"wp","href":"https:\/\/api.w.org\/{rel}","templated":true}]}}